{"id":2242,"date":"2021-10-25T11:40:43","date_gmt":"2021-10-25T09:40:43","guid":{"rendered":"https:\/\/wp.themedemo.org\/WCM07\/WCM070151\/?page_id=2242"},"modified":"2023-08-16T19:16:30","modified_gmt":"2023-08-16T17:16:30","slug":"about-us","status":"publish","type":"page","link":"https:\/\/belpesgroupe.com\/index.php\/about-us\/","title":{"rendered":"QUI SOMMES NOUS"},"content":{"rendered":"\t\t<div data-elementor-type=\"wp-page\" data-elementor-id=\"2242\" class=\"elementor elementor-2242\">\n\t\t\t\t<div class=\"elementor-element elementor-element-f72c320 e-flex e-con-boxed e-con e-parent\" data-id=\"f72c320\" data-element_type=\"container\">\n\t\t\t\t\t<div class=\"e-con-inner\">\n\t\t\t\t<div class=\"elementor-element elementor-element-e3143f4 elementor-widget elementor-widget-heading\" data-id=\"e3143f4\" data-element_type=\"widget\" data-widget_type=\"heading.default\">\n\t\t\t\t<div class=\"elementor-widget-container\">\n\t\t\t<style>\/*! elementor - v3.23.0 - 25-07-2024 *\/\n.elementor-heading-title{padding:0;margin:0;line-height:1}.elementor-widget-heading .elementor-heading-title[class*=elementor-size-]>a{color:inherit;font-size:inherit;line-height:inherit}.elementor-widget-heading .elementor-heading-title.elementor-size-small{font-size:15px}.elementor-widget-heading .elementor-heading-title.elementor-size-medium{font-size:19px}.elementor-widget-heading .elementor-heading-title.elementor-size-large{font-size:29px}.elementor-widget-heading .elementor-heading-title.elementor-size-xl{font-size:39px}.elementor-widget-heading .elementor-heading-title.elementor-size-xxl{font-size:59px}<\/style><h2 class=\"elementor-heading-title elementor-size-default\">Forme Juridique<\/h2>\t\t<\/div>\n\t\t\t\t<\/div>\n\t\t\t\t<div class=\"elementor-element elementor-element-45f98e0 elementor-widget elementor-widget-text-editor\" data-id=\"45f98e0\" data-element_type=\"widget\" data-widget_type=\"text-editor.default\">\n\t\t\t\t<div class=\"elementor-widget-container\">\n\t\t\t<style>\/*! elementor - v3.23.0 - 25-07-2024 *\/\n.elementor-widget-text-editor.elementor-drop-cap-view-stacked .elementor-drop-cap{background-color:#69727d;color:#fff}.elementor-widget-text-editor.elementor-drop-cap-view-framed .elementor-drop-cap{color:#69727d;border:3px solid;background-color:transparent}.elementor-widget-text-editor:not(.elementor-drop-cap-view-default) .elementor-drop-cap{margin-top:8px}.elementor-widget-text-editor:not(.elementor-drop-cap-view-default) .elementor-drop-cap-letter{width:1em;height:1em}.elementor-widget-text-editor .elementor-drop-cap{float:left;text-align:center;line-height:1;font-size:50px}.elementor-widget-text-editor .elementor-drop-cap-letter{display:inline-block}<\/style>\t\t\t\t<p>BELPES est une Soci\u00e9t\u00e9 par Action \u00e0 Responsabilit\u00e9 Limit\u00e9e de droit congolais cr\u00e9\u00e9e depuis le 22 juillet 2019 au num\u00e9ro RCCM\u00a0: KNM\/RCCM\/19-B-00278, le num\u00e9ro d\u2019identification Nationale 01-92-N49874P et le num\u00e9ro d\u2019imp\u00f4t\u00a0: A 1915038S.<\/p>\t\t\t\t\t\t<\/div>\n\t\t\t\t<\/div>\n\t\t\t\t\t<\/div>\n\t\t\t\t<\/div>\n\t\t<div class=\"elementor-element elementor-element-6b4a96c e-flex e-con-boxed e-con e-parent\" data-id=\"6b4a96c\" data-element_type=\"container\">\n\t\t\t\t\t<div class=\"e-con-inner\">\n\t\t\t\t<div class=\"elementor-element elementor-element-67b3b19 elementor-widget elementor-widget-heading\" data-id=\"67b3b19\" data-element_type=\"widget\" data-widget_type=\"heading.default\">\n\t\t\t\t<div class=\"elementor-widget-container\">\n\t\t\t<h2 class=\"elementor-heading-title elementor-size-default\">Mission g\u00e9n\u00e9rale de BELPES groupe<\/h2>\t\t<\/div>\n\t\t\t\t<\/div>\n\t\t\t\t<div class=\"elementor-element elementor-element-87b4ad2 elementor-widget elementor-widget-text-editor\" data-id=\"87b4ad2\" data-element_type=\"widget\" data-widget_type=\"text-editor.default\">\n\t\t\t\t<div class=\"elementor-widget-container\">\n\t\t\t\t\t\t\t<p>\u00ab\u00a0<em>Mettre \u00e0 la disposition des consommateurs locaux des denr\u00e9es alimentaires produites localement, en soutenant le d\u00e9veloppement des chaines de valeur locales dans le secteur agricole, en encourageant une consommation nationale tourn\u00e9e vers l\u2019int\u00e9rieur, et en promouvant l\u2019entreprenariat\u00a0; afin de contribuer \u00e0 l\u2019\u00e9radication de l\u2019ins\u00e9curit\u00e9 alimentaire en RDC<\/em>\u00a0\u00bb<\/p>\t\t\t\t\t\t<\/div>\n\t\t\t\t<\/div>\n\t\t\t\t\t<\/div>\n\t\t\t\t<\/div>\n\t\t<div class=\"elementor-element elementor-element-b006411 e-flex e-con-boxed e-con e-parent\" data-id=\"b006411\" data-element_type=\"container\">\n\t\t\t\t\t<div class=\"e-con-inner\">\n\t\t\t\t<div class=\"elementor-element elementor-element-0f1434d elementor-widget elementor-widget-heading\" data-id=\"0f1434d\" data-element_type=\"widget\" data-widget_type=\"heading.default\">\n\t\t\t\t<div class=\"elementor-widget-container\">\n\t\t\t<h2 class=\"elementor-heading-title elementor-size-default\">Nos Valeurs \n<\/h2>\t\t<\/div>\n\t\t\t\t<\/div>\n\t\t\t\t<div class=\"elementor-element elementor-element-bdc71e8 elementor-widget elementor-widget-text-editor\" data-id=\"bdc71e8\" data-element_type=\"widget\" data-widget_type=\"text-editor.default\">\n\t\t\t\t<div class=\"elementor-widget-container\">\n\t\t\t\t\t\t\t<p>\u00a0&#8211; Valorisation des produits locaux<br \/>&#8211; Connectivit\u00e9 (entre les acteurs dans les cha\u00eenes de valeur des produits locaux)<br \/>&#8211; Comp\u00e9titivit\u00e9<\/p>\t\t\t\t\t\t<\/div>\n\t\t\t\t<\/div>\n\t\t\t\t\t<\/div>\n\t\t\t\t<\/div>\n\t\t<div class=\"elementor-element elementor-element-08a19e3 e-flex e-con-boxed e-con e-parent\" data-id=\"08a19e3\" data-element_type=\"container\">\n\t\t\t\t\t<div class=\"e-con-inner\">\n\t\t\t\t<div class=\"elementor-element elementor-element-b7eea67 elementor-widget-divider--view-line elementor-widget elementor-widget-divider\" data-id=\"b7eea67\" data-element_type=\"widget\" data-widget_type=\"divider.default\">\n\t\t\t\t<div class=\"elementor-widget-container\">\n\t\t\t<style>\/*! elementor - v3.23.0 - 25-07-2024 *\/\n.elementor-widget-divider{--divider-border-style:none;--divider-border-width:1px;--divider-color:#0c0d0e;--divider-icon-size:20px;--divider-element-spacing:10px;--divider-pattern-height:24px;--divider-pattern-size:20px;--divider-pattern-url:none;--divider-pattern-repeat:repeat-x}.elementor-widget-divider .elementor-divider{display:flex}.elementor-widget-divider .elementor-divider__text{font-size:15px;line-height:1;max-width:95%}.elementor-widget-divider .elementor-divider__element{margin:0 var(--divider-element-spacing);flex-shrink:0}.elementor-widget-divider .elementor-icon{font-size:var(--divider-icon-size)}.elementor-widget-divider .elementor-divider-separator{display:flex;margin:0;direction:ltr}.elementor-widget-divider--view-line_icon .elementor-divider-separator,.elementor-widget-divider--view-line_text .elementor-divider-separator{align-items:center}.elementor-widget-divider--view-line_icon .elementor-divider-separator:after,.elementor-widget-divider--view-line_icon .elementor-divider-separator:before,.elementor-widget-divider--view-line_text .elementor-divider-separator:after,.elementor-widget-divider--view-line_text .elementor-divider-separator:before{display:block;content:\"\";border-block-end:0;flex-grow:1;border-block-start:var(--divider-border-width) var(--divider-border-style) var(--divider-color)}.elementor-widget-divider--element-align-left .elementor-divider .elementor-divider-separator>.elementor-divider__svg:first-of-type{flex-grow:0;flex-shrink:100}.elementor-widget-divider--element-align-left .elementor-divider-separator:before{content:none}.elementor-widget-divider--element-align-left .elementor-divider__element{margin-left:0}.elementor-widget-divider--element-align-right .elementor-divider .elementor-divider-separator>.elementor-divider__svg:last-of-type{flex-grow:0;flex-shrink:100}.elementor-widget-divider--element-align-right .elementor-divider-separator:after{content:none}.elementor-widget-divider--element-align-right .elementor-divider__element{margin-right:0}.elementor-widget-divider--element-align-start .elementor-divider .elementor-divider-separator>.elementor-divider__svg:first-of-type{flex-grow:0;flex-shrink:100}.elementor-widget-divider--element-align-start .elementor-divider-separator:before{content:none}.elementor-widget-divider--element-align-start .elementor-divider__element{margin-inline-start:0}.elementor-widget-divider--element-align-end .elementor-divider .elementor-divider-separator>.elementor-divider__svg:last-of-type{flex-grow:0;flex-shrink:100}.elementor-widget-divider--element-align-end .elementor-divider-separator:after{content:none}.elementor-widget-divider--element-align-end .elementor-divider__element{margin-inline-end:0}.elementor-widget-divider:not(.elementor-widget-divider--view-line_text):not(.elementor-widget-divider--view-line_icon) .elementor-divider-separator{border-block-start:var(--divider-border-width) var(--divider-border-style) var(--divider-color)}.elementor-widget-divider--separator-type-pattern{--divider-border-style:none}.elementor-widget-divider--separator-type-pattern.elementor-widget-divider--view-line .elementor-divider-separator,.elementor-widget-divider--separator-type-pattern:not(.elementor-widget-divider--view-line) .elementor-divider-separator:after,.elementor-widget-divider--separator-type-pattern:not(.elementor-widget-divider--view-line) .elementor-divider-separator:before,.elementor-widget-divider--separator-type-pattern:not([class*=elementor-widget-divider--view]) .elementor-divider-separator{width:100%;min-height:var(--divider-pattern-height);-webkit-mask-size:var(--divider-pattern-size) 100%;mask-size:var(--divider-pattern-size) 100%;-webkit-mask-repeat:var(--divider-pattern-repeat);mask-repeat:var(--divider-pattern-repeat);background-color:var(--divider-color);-webkit-mask-image:var(--divider-pattern-url);mask-image:var(--divider-pattern-url)}.elementor-widget-divider--no-spacing{--divider-pattern-size:auto}.elementor-widget-divider--bg-round{--divider-pattern-repeat:round}.rtl .elementor-widget-divider .elementor-divider__text{direction:rtl}.e-con-inner>.elementor-widget-divider,.e-con>.elementor-widget-divider{width:var(--container-widget-width,100%);--flex-grow:var(--container-widget-flex-grow)}<\/style>\t\t<div class=\"elementor-divider\">\n\t\t\t<span class=\"elementor-divider-separator\">\n\t\t\t\t\t\t<\/span>\n\t\t<\/div>\n\t\t\t\t<\/div>\n\t\t\t\t<\/div>\n\t\t\t\t\t<\/div>\n\t\t\t\t<\/div>\n\t\t\t\t<div class=\"elementor-section elementor-top-section elementor-element elementor-element-668b319 elementor-section-height-min-height elementor-section-stretched elementor-section-boxed elementor-section-height-default elementor-section-items-middle\" data-id=\"668b319\" data-element_type=\"section\" data-settings=\"{&quot;background_background&quot;:&quot;classic&quot;,&quot;stretch_section&quot;:&quot;section-stretched&quot;}\">\n\t\t\t\t\t\t<div class=\"elementor-container elementor-column-gap-default\">\n\t\t\t\t\t<div class=\"elementor-column elementor-col-100 elementor-top-column elementor-element elementor-element-9755c20\" data-id=\"9755c20\" data-element_type=\"column\" data-settings=\"{&quot;background_background&quot;:&quot;classic&quot;}\">\n\t\t\t<div class=\"elementor-widget-wrap elementor-element-populated\">\n\t\t\t\t\t\t<div class=\"elementor-section elementor-inner-section elementor-element elementor-element-11b94bc elementor-section-boxed elementor-section-height-default elementor-section-height-default\" data-id=\"11b94bc\" data-element_type=\"section\">\n\t\t\t\t\t\t<div class=\"elementor-container elementor-column-gap-default\">\n\t\t\t\t\t<div class=\"elementor-column elementor-col-25 elementor-inner-column elementor-element elementor-element-b02869d service-one\" data-id=\"b02869d\" data-element_type=\"column\">\n\t\t\t<div class=\"elementor-widget-wrap elementor-element-populated\">\n\t\t\t\t\t\t<div class=\"elementor-element elementor-element-b5362e2 elementor-widget__width-auto elementor-widget elementor-widget-counter\" data-id=\"b5362e2\" data-element_type=\"widget\" data-widget_type=\"counter.default\">\n\t\t\t\t<div class=\"elementor-widget-container\">\n\t\t\t<style>\/*! elementor - v3.23.0 - 25-07-2024 *\/\n.elementor-counter{display:flex;justify-content:center;align-items:stretch;flex-direction:column-reverse}.elementor-counter .elementor-counter-number{flex-grow:var(--counter-number-grow,0)}.elementor-counter .elementor-counter-number-wrapper{flex:1;display:flex;font-size:69px;font-weight:600;line-height:1;text-align:center}.elementor-counter .elementor-counter-number-prefix{text-align:end;flex-grow:var(--counter-prefix-grow,1);white-space:pre-wrap}.elementor-counter .elementor-counter-number-suffix{text-align:start;flex-grow:var(--counter-suffix-grow,1);white-space:pre-wrap}.elementor-counter .elementor-counter-title{flex:1;display:flex;justify-content:center;align-items:center;margin:0;padding:0;font-size:19px;font-weight:400;line-height:2.5}<\/style>\t\t<div class=\"elementor-counter\">\n\t\t\t<div class=\"elementor-counter-title\">Partenaires<\/div>\t\t\t<div class=\"elementor-counter-number-wrapper\">\n\t\t\t\t<span class=\"elementor-counter-number-prefix\"><\/span>\n\t\t\t\t<span class=\"elementor-counter-number\" data-duration=\"2000\" data-to-value=\"1200\" data-from-value=\"0\">0<\/span>\n\t\t\t\t<span class=\"elementor-counter-number-suffix\"><\/span>\n\t\t\t<\/div>\n\t\t<\/div>\n\t\t\t\t<\/div>\n\t\t\t\t<\/div>\n\t\t\t\t\t<\/div>\n\t\t<\/div>\n\t\t\t\t<div class=\"elementor-column elementor-col-25 elementor-inner-column elementor-element elementor-element-a521dd4 service-two\" data-id=\"a521dd4\" data-element_type=\"column\">\n\t\t\t<div class=\"elementor-widget-wrap elementor-element-populated\">\n\t\t\t\t\t\t<div class=\"elementor-element elementor-element-73bb96c elementor-widget__width-auto elementor-widget elementor-widget-counter\" data-id=\"73bb96c\" data-element_type=\"widget\" data-widget_type=\"counter.default\">\n\t\t\t\t<div class=\"elementor-widget-container\">\n\t\t\t\t\t<div class=\"elementor-counter\">\n\t\t\t<div class=\"elementor-counter-title\">Producteur locaux<\/div>\t\t\t<div class=\"elementor-counter-number-wrapper\">\n\t\t\t\t<span class=\"elementor-counter-number-prefix\"><\/span>\n\t\t\t\t<span class=\"elementor-counter-number\" data-duration=\"2000\" data-to-value=\"400\" data-from-value=\"0\">0<\/span>\n\t\t\t\t<span class=\"elementor-counter-number-suffix\"><\/span>\n\t\t\t<\/div>\n\t\t<\/div>\n\t\t\t\t<\/div>\n\t\t\t\t<\/div>\n\t\t\t\t\t<\/div>\n\t\t<\/div>\n\t\t\t\t<div class=\"elementor-column elementor-col-25 elementor-inner-column elementor-element elementor-element-c784122 service-three\" data-id=\"c784122\" data-element_type=\"column\">\n\t\t\t<div class=\"elementor-widget-wrap elementor-element-populated\">\n\t\t\t\t\t\t<div class=\"elementor-element elementor-element-22ee712 elementor-widget__width-auto elementor-widget elementor-widget-counter\" data-id=\"22ee712\" data-element_type=\"widget\" data-widget_type=\"counter.default\">\n\t\t\t\t<div class=\"elementor-widget-container\">\n\t\t\t\t\t<div class=\"elementor-counter\">\n\t\t\t<div class=\"elementor-counter-title\">type de produits <\/div>\t\t\t<div class=\"elementor-counter-number-wrapper\">\n\t\t\t\t<span class=\"elementor-counter-number-prefix\"><\/span>\n\t\t\t\t<span class=\"elementor-counter-number\" data-duration=\"2000\" data-to-value=\"1400\" data-from-value=\"0\">0<\/span>\n\t\t\t\t<span class=\"elementor-counter-number-suffix\"><\/span>\n\t\t\t<\/div>\n\t\t<\/div>\n\t\t\t\t<\/div>\n\t\t\t\t<\/div>\n\t\t\t\t\t<\/div>\n\t\t<\/div>\n\t\t\t\t<div class=\"elementor-column elementor-col-25 elementor-inner-column elementor-element elementor-element-e23fae0 service-four\" data-id=\"e23fae0\" data-element_type=\"column\">\n\t\t\t<div class=\"elementor-widget-wrap elementor-element-populated\">\n\t\t\t\t\t\t<div class=\"elementor-element elementor-element-dfbe063 elementor-widget__width-auto elementor-widget elementor-widget-counter\" data-id=\"dfbe063\" data-element_type=\"widget\" data-widget_type=\"counter.default\">\n\t\t\t\t<div class=\"elementor-widget-container\">\n\t\t\t\t\t<div class=\"elementor-counter\">\n\t\t\t<div class=\"elementor-counter-title\">Donations<\/div>\t\t\t<div class=\"elementor-counter-number-wrapper\">\n\t\t\t\t<span class=\"elementor-counter-number-prefix\"><\/span>\n\t\t\t\t<span class=\"elementor-counter-number\" data-duration=\"2000\" data-to-value=\"600\" data-from-value=\"0\">0<\/span>\n\t\t\t\t<span class=\"elementor-counter-number-suffix\"><\/span>\n\t\t\t<\/div>\n\t\t<\/div>\n\t\t\t\t<\/div>\n\t\t\t\t<\/div>\n\t\t\t\t\t<\/div>\n\t\t<\/div>\n\t\t\t\t\t<\/div>\n\t\t<\/div>\n\t\t\t\t\t<\/div>\n\t\t<\/div>\n\t\t\t\t\t<\/div>\n\t\t<\/div>\n\t\t\t\t<div class=\"elementor-section elementor-top-section elementor-element elementor-element-ac4df7a cms-banner-main elementor-section-stretched elementor-section-boxed elementor-section-height-default elementor-section-height-default\" data-id=\"ac4df7a\" data-element_type=\"section\" data-settings=\"{&quot;stretch_section&quot;:&quot;section-stretched&quot;,&quot;background_background&quot;:&quot;classic&quot;}\">\n\t\t\t\t\t\t<div class=\"elementor-container elementor-column-gap-default\">\n\t\t\t\t\t<div class=\"elementor-column elementor-col-50 elementor-top-column elementor-element elementor-element-13c0760 cms-banner-right\" data-id=\"13c0760\" data-element_type=\"column\">\n\t\t\t<div class=\"elementor-widget-wrap elementor-element-populated\">\n\t\t\t\t\t\t<div class=\"elementor-element elementor-element-51a267d elementor-widget elementor-widget-heading\" data-id=\"51a267d\" data-element_type=\"widget\" data-widget_type=\"heading.default\">\n\t\t\t\t<div class=\"elementor-widget-container\">\n\t\t\t<h1 class=\"elementor-heading-title elementor-size-default\">BELPES GROUPE<\/h1>\t\t<\/div>\n\t\t\t\t<\/div>\n\t\t\t\t<div class=\"elementor-element elementor-element-ca030d1 elementor-widget elementor-widget-heading\" data-id=\"ca030d1\" data-element_type=\"widget\" data-widget_type=\"heading.default\">\n\t\t\t\t<div class=\"elementor-widget-container\">\n\t\t\t<span class=\"elementor-heading-title elementor-size-default\">Notre but est de cr\u00e9er les conditions de r\u00e9ussite et d\u2019adh\u00e9sion au projet par une d\u00e9marche de communication concert\u00e9e, associant les acteurs concern\u00e9s.<\/span>\t\t<\/div>\n\t\t\t\t<\/div>\n\t\t\t\t<div class=\"elementor-element elementor-element-243d497 elementor-icon-list--layout-traditional elementor-list-item-link-full_width elementor-widget elementor-widget-icon-list\" data-id=\"243d497\" data-element_type=\"widget\" data-widget_type=\"icon-list.default\">\n\t\t\t\t<div class=\"elementor-widget-container\">\n\t\t\t<link rel=\"stylesheet\" href=\"http:\/\/belpesgroupe.com\/wp-content\/plugins\/elementor\/assets\/css\/widget-icon-list.min.css\">\t\t<ul class=\"elementor-icon-list-items\">\n\t\t\t\t\t\t\t<li class=\"elementor-icon-list-item\">\n\t\t\t\t\t\t\t\t\t\t\t<span class=\"elementor-icon-list-icon\">\n\t\t\t\t\t\t\t<svg xmlns=\"http:\/\/www.w3.org\/2000\/svg\" data-name=\"Layer 1\" viewBox=\"0 0 69.62 69.7\"><defs><style><\/style><\/defs><path class=\"cls-1\" d=\"M54.33,6.75A34.46,34.46,0,0,1,66.82,19.24a34.1,34.1,0,0,1,4.77,17.59,34.09,34.09,0,0,1-4.77,17.58A34.39,34.39,0,0,1,54.33,66.9a34.74,34.74,0,0,1-35.17,0A33.72,33.72,0,0,1,6.75,54.41,34.09,34.09,0,0,1,2,36.83,34.1,34.1,0,0,1,6.75,19.24,33.8,33.8,0,0,1,19.16,6.75,34.09,34.09,0,0,1,36.74,2,34.1,34.1,0,0,1,54.33,6.75ZM51.54,62.21A29.31,29.31,0,0,0,66.1,36.83,29.31,29.31,0,0,0,36.74,7.47,28.44,28.44,0,0,0,22,11.53,29.22,29.22,0,0,0,11.44,22a29.07,29.07,0,0,0,0,29.6A29.3,29.3,0,0,0,22,62.13a28.53,28.53,0,0,0,14.79,4.06A29,29,0,0,0,51.54,62.21Zm1.59-39.94c1.33,1.22,2.31,2.14,2.95,2.78a.73.73,0,0,1,.08,1L31,52.74a.77.77,0,0,1-.56.24.65.65,0,0,1-.48-.16L17.41,40.25a.77.77,0,0,1,0-1.12l4.22-4.21a.75.75,0,0,1,.55-.24.53.53,0,0,1,.48.24l7.08,7a.55.55,0,0,0,.48.24.77.77,0,0,0,.56-.24l19.81-21a.76.76,0,0,1,.56-.24.65.65,0,0,1,.47.16Z\" transform=\"translate(-1.98 -1.98)\"><\/path><\/svg>\t\t\t\t\t\t<\/span>\n\t\t\t\t\t\t\t\t\t\t<span class=\"elementor-icon-list-text\">L'agriculture de subsistance est un type d'agriculture<\/span>\n\t\t\t\t\t\t\t\t\t<\/li>\n\t\t\t\t\t\t\t\t<li class=\"elementor-icon-list-item\">\n\t\t\t\t\t\t\t\t\t\t\t<span class=\"elementor-icon-list-icon\">\n\t\t\t\t\t\t\t<svg xmlns=\"http:\/\/www.w3.org\/2000\/svg\" data-name=\"Layer 1\" viewBox=\"0 0 69.62 69.7\"><defs><style><\/style><\/defs><path class=\"cls-1\" d=\"M54.33,6.75A34.46,34.46,0,0,1,66.82,19.24a34.1,34.1,0,0,1,4.77,17.59,34.09,34.09,0,0,1-4.77,17.58A34.39,34.39,0,0,1,54.33,66.9a34.74,34.74,0,0,1-35.17,0A33.72,33.72,0,0,1,6.75,54.41,34.09,34.09,0,0,1,2,36.83,34.1,34.1,0,0,1,6.75,19.24,33.8,33.8,0,0,1,19.16,6.75,34.09,34.09,0,0,1,36.74,2,34.1,34.1,0,0,1,54.33,6.75ZM51.54,62.21A29.31,29.31,0,0,0,66.1,36.83,29.31,29.31,0,0,0,36.74,7.47,28.44,28.44,0,0,0,22,11.53,29.22,29.22,0,0,0,11.44,22a29.07,29.07,0,0,0,0,29.6A29.3,29.3,0,0,0,22,62.13a28.53,28.53,0,0,0,14.79,4.06A29,29,0,0,0,51.54,62.21Zm1.59-39.94c1.33,1.22,2.31,2.14,2.95,2.78a.73.73,0,0,1,.08,1L31,52.74a.77.77,0,0,1-.56.24.65.65,0,0,1-.48-.16L17.41,40.25a.77.77,0,0,1,0-1.12l4.22-4.21a.75.75,0,0,1,.55-.24.53.53,0,0,1,.48.24l7.08,7a.55.55,0,0,0,.48.24.77.77,0,0,0,.56-.24l19.81-21a.76.76,0,0,1,.56-.24.65.65,0,0,1,.47.16Z\" transform=\"translate(-1.98 -1.98)\"><\/path><\/svg>\t\t\t\t\t\t<\/span>\n\t\t\t\t\t\t\t\t\t\t<span class=\"elementor-icon-list-text\">L'agriculture de subsistance intensive est r\u00e9pandue<\/span>\n\t\t\t\t\t\t\t\t\t<\/li>\n\t\t\t\t\t\t\t\t<li class=\"elementor-icon-list-item\">\n\t\t\t\t\t\t\t\t\t\t\t<span class=\"elementor-icon-list-icon\">\n\t\t\t\t\t\t\t<svg xmlns=\"http:\/\/www.w3.org\/2000\/svg\" data-name=\"Layer 1\" viewBox=\"0 0 69.62 69.7\"><defs><style><\/style><\/defs><path class=\"cls-1\" d=\"M54.33,6.75A34.46,34.46,0,0,1,66.82,19.24a34.1,34.1,0,0,1,4.77,17.59,34.09,34.09,0,0,1-4.77,17.58A34.39,34.39,0,0,1,54.33,66.9a34.74,34.74,0,0,1-35.17,0A33.72,33.72,0,0,1,6.75,54.41,34.09,34.09,0,0,1,2,36.83,34.1,34.1,0,0,1,6.75,19.24,33.8,33.8,0,0,1,19.16,6.75,34.09,34.09,0,0,1,36.74,2,34.1,34.1,0,0,1,54.33,6.75ZM51.54,62.21A29.31,29.31,0,0,0,66.1,36.83,29.31,29.31,0,0,0,36.74,7.47,28.44,28.44,0,0,0,22,11.53,29.22,29.22,0,0,0,11.44,22a29.07,29.07,0,0,0,0,29.6A29.3,29.3,0,0,0,22,62.13a28.53,28.53,0,0,0,14.79,4.06A29,29,0,0,0,51.54,62.21Zm1.59-39.94c1.33,1.22,2.31,2.14,2.95,2.78a.73.73,0,0,1,.08,1L31,52.74a.77.77,0,0,1-.56.24.65.65,0,0,1-.48-.16L17.41,40.25a.77.77,0,0,1,0-1.12l4.22-4.21a.75.75,0,0,1,.55-.24.53.53,0,0,1,.48.24l7.08,7a.55.55,0,0,0,.48.24.77.77,0,0,0,.56-.24l19.81-21a.76.76,0,0,1,.56-.24.65.65,0,0,1,.47.16Z\" transform=\"translate(-1.98 -1.98)\"><\/path><\/svg>\t\t\t\t\t\t<\/span>\n\t\t\t\t\t\t\t\t\t\t<span class=\"elementor-icon-list-text\">Les cultures m\u00e9diterran\u00e9ennes sont tr\u00e8s importantes<\/span>\n\t\t\t\t\t\t\t\t\t<\/li>\n\t\t\t\t\t\t<\/ul>\n\t\t\t\t<\/div>\n\t\t\t\t<\/div>\n\t\t\t\t<div class=\"elementor-element elementor-element-2012d79 elementor-widget elementor-widget-button\" data-id=\"2012d79\" data-element_type=\"widget\" data-widget_type=\"button.default\">\n\t\t\t\t<div class=\"elementor-widget-container\">\n\t\t\t\t\t<div class=\"elementor-button-wrapper\">\n\t\t\t<a class=\"elementor-button elementor-button-link elementor-size-sm\" href=\"#\">\n\t\t\t\t\t\t<span class=\"elementor-button-content-wrapper\">\n\t\t\t\t\t\t\t\t\t<span class=\"elementor-button-text\">SAVOIR PLUS <\/span>\n\t\t\t\t\t<\/span>\n\t\t\t\t\t<\/a>\n\t\t<\/div>\n\t\t\t\t<\/div>\n\t\t\t\t<\/div>\n\t\t\t\t\t<\/div>\n\t\t<\/div>\n\t\t\t\t<div class=\"elementor-column elementor-col-50 elementor-top-column elementor-element elementor-element-ccc5b39 img-banner\" data-id=\"ccc5b39\" data-element_type=\"column\">\n\t\t\t<div class=\"elementor-widget-wrap elementor-element-populated\">\n\t\t\t\t\t\t<div class=\"elementor-element elementor-element-9d8fbae elementor-widget elementor-widget-image\" data-id=\"9d8fbae\" data-element_type=\"widget\" data-widget_type=\"image.default\">\n\t\t\t\t<div class=\"elementor-widget-container\">\n\t\t\t<style>\/*! elementor - v3.23.0 - 25-07-2024 *\/\n.elementor-widget-image{text-align:center}.elementor-widget-image a{display:inline-block}.elementor-widget-image a img[src$=\".svg\"]{width:48px}.elementor-widget-image img{vertical-align:middle;display:inline-block}<\/style>\t\t\t\t\t\t\t\t\t\t<img fetchpriority=\"high\" decoding=\"async\" width=\"680\" height=\"505\" src=\"https:\/\/belpesgroupe.com\/wp-content\/uploads\/2022\/12\/about-us-1.jpg\" class=\"attachment-full size-full wp-image-12593\" alt=\"\" srcset=\"https:\/\/belpesgroupe.com\/wp-content\/uploads\/2022\/12\/about-us-1.jpg 680w, https:\/\/belpesgroupe.com\/wp-content\/uploads\/2022\/12\/about-us-1-600x446.jpg 600w, https:\/\/belpesgroupe.com\/wp-content\/uploads\/2022\/12\/about-us-1-300x223.jpg 300w\" sizes=\"(max-width: 680px) 100vw, 680px\" \/>\t\t\t\t\t\t\t\t\t\t\t\t\t<\/div>\n\t\t\t\t<\/div>\n\t\t\t\t\t<\/div>\n\t\t<\/div>\n\t\t\t\t\t<\/div>\n\t\t<\/div>\n\t\t\t\t<\/div>\n\t\t","protected":false},"excerpt":{"rendered":"<p>Forme Juridique BELPES est une Soci\u00e9t\u00e9 par Action \u00e0 Responsabilit\u00e9 Limit\u00e9e de droit congolais cr\u00e9\u00e9e depuis le 22 juillet 2019 au num\u00e9ro RCCM\u00a0: KNM\/RCCM\/19-B-00278, le num\u00e9ro d\u2019identification Nationale 01-92-N49874P et le num\u00e9ro d\u2019imp\u00f4t\u00a0: A 1915038S. Mission g\u00e9n\u00e9rale de BELPES groupe \u00ab\u00a0Mettre \u00e0 la disposition des consommateurs locaux des denr\u00e9es alimentaires produites localement, en soutenant le&#8230;<\/p>\n","protected":false},"author":2,"featured_media":0,"parent":0,"menu_order":0,"comment_status":"closed","ping_status":"closed","template":"","meta":{"_monsterinsights_skip_tracking":false,"_monsterinsights_sitenote_active":false,"_monsterinsights_sitenote_note":"","_monsterinsights_sitenote_category":0,"_tbt_post_transparent":"","_tbt_post_title":"","_tbt_post_layout":"","_tbt_post_sidebar_id":"","_tbt_post_content_style":"","_tbt_post_vertical_padding":"","_tbt_post_feature":"","_tbt_post_feature_position":"","_tbt_post_header":false,"_tbt_post_footer":false,"footnotes":""},"aioseo_notices":[],"_links":{"self":[{"href":"https:\/\/belpesgroupe.com\/index.php\/wp-json\/wp\/v2\/pages\/2242"}],"collection":[{"href":"https:\/\/belpesgroupe.com\/index.php\/wp-json\/wp\/v2\/pages"}],"about":[{"href":"https:\/\/belpesgroupe.com\/index.php\/wp-json\/wp\/v2\/types\/page"}],"author":[{"embeddable":true,"href":"https:\/\/belpesgroupe.com\/index.php\/wp-json\/wp\/v2\/users\/2"}],"replies":[{"embeddable":true,"href":"https:\/\/belpesgroupe.com\/index.php\/wp-json\/wp\/v2\/comments?post=2242"}],"version-history":[{"count":15,"href":"https:\/\/belpesgroupe.com\/index.php\/wp-json\/wp\/v2\/pages\/2242\/revisions"}],"predecessor-version":[{"id":13215,"href":"https:\/\/belpesgroupe.com\/index.php\/wp-json\/wp\/v2\/pages\/2242\/revisions\/13215"}],"wp:attachment":[{"href":"https:\/\/belpesgroupe.com\/index.php\/wp-json\/wp\/v2\/media?parent=2242"}],"curies":[{"name":"wp","href":"https:\/\/api.w.org\/{rel}","templated":true}]}}