{"id":13296,"date":"2024-07-29T15:17:57","date_gmt":"2024-07-29T13:17:57","guid":{"rendered":"http:\/\/belpesgroupe.com\/?page_id=13296"},"modified":"2024-08-02T16:49:58","modified_gmt":"2024-08-02T14:49:58","slug":"vision","status":"publish","type":"page","link":"https:\/\/belpesgroupe.com\/index.php\/vision\/","title":{"rendered":"Vision"},"content":{"rendered":"\t\t<div data-elementor-type=\"wp-page\" data-elementor-id=\"13296\" class=\"elementor elementor-13296\">\n\t\t\t\t<div class=\"elementor-element elementor-element-31f89f37 e-flex e-con-boxed e-con e-parent\" data-id=\"31f89f37\" data-element_type=\"container\">\n\t\t\t\t\t<div class=\"e-con-inner\">\n\t\t<div class=\"elementor-element elementor-element-733f16c9 e-con-full e-flex e-con e-child\" data-id=\"733f16c9\" data-element_type=\"container\">\n\t\t\t\t<div class=\"elementor-element elementor-element-612c31e7 elementor-widget elementor-widget-heading\" data-id=\"612c31e7\" data-element_type=\"widget\" data-widget_type=\"heading.default\">\n\t\t\t\t<div class=\"elementor-widget-container\">\n\t\t\t<style>\/*! elementor - v3.23.0 - 25-07-2024 *\/\n.elementor-heading-title{padding:0;margin:0;line-height:1}.elementor-widget-heading .elementor-heading-title[class*=elementor-size-]>a{color:inherit;font-size:inherit;line-height:inherit}.elementor-widget-heading .elementor-heading-title.elementor-size-small{font-size:15px}.elementor-widget-heading .elementor-heading-title.elementor-size-medium{font-size:19px}.elementor-widget-heading .elementor-heading-title.elementor-size-large{font-size:29px}.elementor-widget-heading .elementor-heading-title.elementor-size-xl{font-size:39px}.elementor-widget-heading .elementor-heading-title.elementor-size-xxl{font-size:59px}<\/style><h1 class=\"elementor-heading-title elementor-size-default\">Notre vision<\/h1>\t\t<\/div>\n\t\t\t\t<\/div>\n\t\t\t\t<\/div>\n\t\t<div class=\"elementor-element elementor-element-285a7803 e-con-full e-flex e-con e-child\" data-id=\"285a7803\" data-element_type=\"container\">\n\t\t\t\t<div class=\"elementor-element elementor-element-731aa1a9 elementor-widget elementor-widget-image\" data-id=\"731aa1a9\" data-element_type=\"widget\" data-widget_type=\"image.default\">\n\t\t\t\t<div class=\"elementor-widget-container\">\n\t\t\t<style>\/*! elementor - v3.23.0 - 25-07-2024 *\/\n.elementor-widget-image{text-align:center}.elementor-widget-image a{display:inline-block}.elementor-widget-image a img[src$=\".svg\"]{width:48px}.elementor-widget-image img{vertical-align:middle;display:inline-block}<\/style>\t\t\t\t\t\t\t\t\t\t<img fetchpriority=\"high\" decoding=\"async\" width=\"695\" height=\"236\" src=\"https:\/\/belpesgroupe.com\/wp-content\/uploads\/2024\/07\/logo.jpg\" class=\"attachment-large size-large wp-image-13487\" alt=\"\" srcset=\"https:\/\/belpesgroupe.com\/wp-content\/uploads\/2024\/07\/logo.jpg 695w, https:\/\/belpesgroupe.com\/wp-content\/uploads\/2024\/07\/logo-300x102.jpg 300w, https:\/\/belpesgroupe.com\/wp-content\/uploads\/2024\/07\/logo-600x204.jpg 600w\" sizes=\"(max-width: 695px) 100vw, 695px\" \/>\t\t\t\t\t\t\t\t\t\t\t\t\t<\/div>\n\t\t\t\t<\/div>\n\t\t\t\t<\/div>\n\t\t\t\t\t<\/div>\n\t\t\t\t<\/div>\n\t\t<div class=\"elementor-element elementor-element-99142de e-flex e-con-boxed e-con e-parent\" data-id=\"99142de\" data-element_type=\"container\" data-settings=\"{&quot;background_background&quot;:&quot;classic&quot;}\">\n\t\t\t\t\t<div class=\"e-con-inner\">\n\t\t<div class=\"elementor-element elementor-element-6da416fc e-con-full e-flex e-con e-child\" data-id=\"6da416fc\" data-element_type=\"container\">\n\t\t\t\t<div class=\"elementor-element elementor-element-19536705 elementor-widget elementor-widget-text-editor\" data-id=\"19536705\" data-element_type=\"widget\" data-widget_type=\"text-editor.default\">\n\t\t\t\t<div class=\"elementor-widget-container\">\n\t\t\t<style>\/*! elementor - v3.23.0 - 25-07-2024 *\/\n.elementor-widget-text-editor.elementor-drop-cap-view-stacked .elementor-drop-cap{background-color:#69727d;color:#fff}.elementor-widget-text-editor.elementor-drop-cap-view-framed .elementor-drop-cap{color:#69727d;border:3px solid;background-color:transparent}.elementor-widget-text-editor:not(.elementor-drop-cap-view-default) .elementor-drop-cap{margin-top:8px}.elementor-widget-text-editor:not(.elementor-drop-cap-view-default) .elementor-drop-cap-letter{width:1em;height:1em}.elementor-widget-text-editor .elementor-drop-cap{float:left;text-align:center;line-height:1;font-size:50px}.elementor-widget-text-editor .elementor-drop-cap-letter{display:inline-block}<\/style>\t\t\t\t<p style=\"text-align: left;\"><strong>La vision de Qualagric asbl est de r\u00e9duire le retard de d\u00e9veloppement des milieux ruraux aux alentours des grands centres urbains par l&#8217;am\u00e9lioration de la productivit\u00e9 agricole et l&#8217;augmentation de la valeur ajout\u00e9e des produits agricoles commercialis\u00e9s par les paysans.<\/strong><\/p>\t\t\t\t\t\t<\/div>\n\t\t\t\t<\/div>\n\t\t\t\t<div class=\"elementor-element elementor-element-97a312a elementor-widget elementor-widget-spacer\" data-id=\"97a312a\" data-element_type=\"widget\" data-widget_type=\"spacer.default\">\n\t\t\t\t<div class=\"elementor-widget-container\">\n\t\t\t<style>\/*! elementor - v3.23.0 - 25-07-2024 *\/\n.elementor-column .elementor-spacer-inner{height:var(--spacer-size)}.e-con{--container-widget-width:100%}.e-con-inner>.elementor-widget-spacer,.e-con>.elementor-widget-spacer{width:var(--container-widget-width,var(--spacer-size));--align-self:var(--container-widget-align-self,initial);--flex-shrink:0}.e-con-inner>.elementor-widget-spacer>.elementor-widget-container,.e-con>.elementor-widget-spacer>.elementor-widget-container{height:100%;width:100%}.e-con-inner>.elementor-widget-spacer>.elementor-widget-container>.elementor-spacer,.e-con>.elementor-widget-spacer>.elementor-widget-container>.elementor-spacer{height:100%}.e-con-inner>.elementor-widget-spacer>.elementor-widget-container>.elementor-spacer>.elementor-spacer-inner,.e-con>.elementor-widget-spacer>.elementor-widget-container>.elementor-spacer>.elementor-spacer-inner{height:var(--container-widget-height,var(--spacer-size))}.e-con-inner>.elementor-widget-spacer.elementor-widget-empty,.e-con>.elementor-widget-spacer.elementor-widget-empty{position:relative;min-height:22px;min-width:22px}.e-con-inner>.elementor-widget-spacer.elementor-widget-empty .elementor-widget-empty-icon,.e-con>.elementor-widget-spacer.elementor-widget-empty .elementor-widget-empty-icon{position:absolute;top:0;bottom:0;left:0;right:0;margin:auto;padding:0;width:22px;height:22px}<\/style>\t\t<div class=\"elementor-spacer\">\n\t\t\t<div class=\"elementor-spacer-inner\"><\/div>\n\t\t<\/div>\n\t\t\t\t<\/div>\n\t\t\t\t<\/div>\n\t\t\t\t<\/div>\n\t\t<div class=\"elementor-element elementor-element-629f829 e-con-full e-flex e-con e-child\" data-id=\"629f829\" data-element_type=\"container\">\n\t\t\t\t<div class=\"elementor-element elementor-element-50fa753d elementor-widget elementor-widget-image\" data-id=\"50fa753d\" data-element_type=\"widget\" data-widget_type=\"image.default\">\n\t\t\t\t<div class=\"elementor-widget-container\">\n\t\t\t\t\t\t\t\t\t\t\t\t\t<img decoding=\"async\" src=\"https:\/\/belpesgroupe.com\/wp-content\/uploads\/2024\/07\/IMAGE-VISION.png\" title=\"Inauguration de l\u2019unit\u00e9 de transformation l \u2019unit\u00e9 de transformation de riz et de manioc de Kingabwa \u00e0 Kinshasa  ,2018\" alt=\"Inauguration de l\u2019unit\u00e9 de transformation l \u2019unit\u00e9 de transformation de riz et de manioc de Kingabwa \u00e0 Kinshasa ,2018\" loading=\"lazy\" \/>\t\t\t\t\t\t\t\t\t\t\t\t\t<\/div>\n\t\t\t\t<\/div>\n\t\t\t\t<\/div>\n\t\t\t\t\t<\/div>\n\t\t\t\t<\/div>\n\t\t<div class=\"elementor-element elementor-element-e540269 e-flex e-con-boxed e-con e-parent\" data-id=\"e540269\" data-element_type=\"container\">\n\t\t\t\t\t<div class=\"e-con-inner\">\n\t\t\t\t<div class=\"elementor-element elementor-element-c79ebb0 elementor-widget elementor-widget-heading\" data-id=\"c79ebb0\" data-element_type=\"widget\" data-widget_type=\"heading.default\">\n\t\t\t\t<div class=\"elementor-widget-container\">\n\t\t\t<h2 class=\"elementor-heading-title elementor-size-default\"> Perspectives strat\u00e9gique <\/h2>\t\t<\/div>\n\t\t\t\t<\/div>\n\t\t\t\t\t<\/div>\n\t\t\t\t<\/div>\n\t\t<div class=\"elementor-element elementor-element-ccbfd87 e-flex e-con-boxed e-con e-parent\" data-id=\"ccbfd87\" data-element_type=\"container\">\n\t\t\t\t\t<div class=\"e-con-inner\">\n\t\t\t\t<div class=\"elementor-element elementor-element-00447d8 elementor-widget elementor-widget-text-editor\" data-id=\"00447d8\" data-element_type=\"widget\" data-widget_type=\"text-editor.default\">\n\t\t\t\t<div class=\"elementor-widget-container\">\n\t\t\t\t\t\t\t<h6><span style=\"color: #082038;\"><strong>Mettre en \u0153uvre ou int\u00e9grer des projets \u00e0 l\u2019\u00e9chelle nationale qui visent \u00e0\u00a0:<\/strong><\/span><\/h6><ul><li><p>Renforcer les capacit\u00e9s de transformation des petits producteurs dans les fili\u00e8res de manioc, de riz et de ma\u00efs\u00a0;<\/p><\/li><li><p>Promouvoir l\u2019utilisation accrue des nouvelles technologies en faveur des petits producteurs agricoles ruraux.<\/p><\/li><li><p>Aider les petits producteurs ruraux \u00e0 viabiliser leurs exploitations agricoles\u00a0: acc\u00e8s \u00e0 l\u2019\u00e9nergie renouvelable, acc\u00e8s \u00e0 l\u2019eau, etc.<\/p><\/li><li><p>Aider les petits producteurs \u00e0 acc\u00e9der \u00e0 la m\u00e9canisation, afin d\u2019accroitre les surfaces cultiv\u00e9es et ainsi augmenter leur production,<\/p><\/li><li><p>Faciliter d\u2019avantage l\u2019acc\u00e8s au march\u00e9 aux petits producteurs<\/p><\/li><\/ul>\t\t\t\t\t\t<\/div>\n\t\t\t\t<\/div>\n\t\t\t\t\t<\/div>\n\t\t\t\t<\/div>\n\t\t<div class=\"elementor-element elementor-element-26154a3 e-flex e-con-boxed e-con e-parent\" data-id=\"26154a3\" data-element_type=\"container\">\n\t\t\t\t\t<div class=\"e-con-inner\">\n\t\t\t\t<div class=\"elementor-element elementor-element-edb5a30 elementor-widget elementor-widget-spacer\" data-id=\"edb5a30\" data-element_type=\"widget\" data-widget_type=\"spacer.default\">\n\t\t\t\t<div class=\"elementor-widget-container\">\n\t\t\t\t\t<div class=\"elementor-spacer\">\n\t\t\t<div class=\"elementor-spacer-inner\"><\/div>\n\t\t<\/div>\n\t\t\t\t<\/div>\n\t\t\t\t<\/div>\n\t\t\t\t\t<\/div>\n\t\t\t\t<\/div>\n\t\t<div class=\"elementor-element elementor-element-fcd2459 e-grid e-con-boxed e-con e-parent\" data-id=\"fcd2459\" data-element_type=\"container\">\n\t\t\t\t\t<div class=\"e-con-inner\">\n\t\t\t\t<div class=\"elementor-element elementor-element-5f86201 elementor-widget elementor-widget-image\" data-id=\"5f86201\" data-element_type=\"widget\" data-widget_type=\"image.default\">\n\t\t\t\t<div class=\"elementor-widget-container\">\n\t\t\t\t\t\t\t\t\t\t\t\t\t<img decoding=\"async\" width=\"300\" height=\"300\" src=\"https:\/\/belpesgroupe.com\/wp-content\/uploads\/2022\/12\/paroject-4-300x300.jpg\" class=\"attachment-woocommerce_thumbnail size-woocommerce_thumbnail wp-image-12531\" alt=\"\" srcset=\"https:\/\/belpesgroupe.com\/wp-content\/uploads\/2022\/12\/paroject-4-300x300.jpg 300w, https:\/\/belpesgroupe.com\/wp-content\/uploads\/2022\/12\/paroject-4-100x100.jpg 100w, https:\/\/belpesgroupe.com\/wp-content\/uploads\/2022\/12\/paroject-4-150x150.jpg 150w, https:\/\/belpesgroupe.com\/wp-content\/uploads\/2022\/12\/elementor\/thumbs\/paroject-4-150x150.jpg 1000w, https:\/\/belpesgroupe.com\/wp-content\/uploads\/2022\/12\/elementor\/thumbs\/paroject-4-150x150.jpg 2000w, https:\/\/belpesgroupe.com\/wp-content\/uploads\/2022\/12\/paroject-4.jpg 440w\" sizes=\"(max-width: 300px) 100vw, 300px\" \/>\t\t\t\t\t\t\t\t\t\t\t\t\t<\/div>\n\t\t\t\t<\/div>\n\t\t\t\t<div class=\"elementor-element elementor-element-15545c3 elementor-widget elementor-widget-image\" data-id=\"15545c3\" data-element_type=\"widget\" data-widget_type=\"image.default\">\n\t\t\t\t<div class=\"elementor-widget-container\">\n\t\t\t\t\t\t\t\t\t\t\t\t\t<img decoding=\"async\" width=\"300\" height=\"300\" src=\"https:\/\/belpesgroupe.com\/wp-content\/uploads\/2024\/07\/3-300x300.png\" class=\"attachment-woocommerce_thumbnail size-woocommerce_thumbnail wp-image-13348\" alt=\"\" srcset=\"https:\/\/belpesgroupe.com\/wp-content\/uploads\/2024\/07\/3-300x300.png 300w, https:\/\/belpesgroupe.com\/wp-content\/uploads\/2024\/07\/3-150x150.png 150w, https:\/\/belpesgroupe.com\/wp-content\/uploads\/2024\/07\/3-100x100.png 100w\" sizes=\"(max-width: 300px) 100vw, 300px\" \/>\t\t\t\t\t\t\t\t\t\t\t\t\t<\/div>\n\t\t\t\t<\/div>\n\t\t<div class=\"elementor-element elementor-element-a83c8aa e-con-full e-flex e-con e-child\" data-id=\"a83c8aa\" data-element_type=\"container\">\n\t\t\t\t<div class=\"elementor-element elementor-element-e7e751f elementor-widget elementor-widget-image\" data-id=\"e7e751f\" data-element_type=\"widget\" data-widget_type=\"image.default\">\n\t\t\t\t<div class=\"elementor-widget-container\">\n\t\t\t\t\t\t\t\t\t\t\t\t\t<img loading=\"lazy\" decoding=\"async\" width=\"225\" height=\"300\" src=\"https:\/\/belpesgroupe.com\/wp-content\/uploads\/2023\/08\/IMG_20230824_154720_112-225x300.jpg\" class=\"attachment-medium size-medium wp-image-13277\" alt=\"\" srcset=\"https:\/\/belpesgroupe.com\/wp-content\/uploads\/2023\/08\/IMG_20230824_154720_112-225x300.jpg 225w, https:\/\/belpesgroupe.com\/wp-content\/uploads\/2023\/08\/IMG_20230824_154720_112-768x1024.jpg 768w, https:\/\/belpesgroupe.com\/wp-content\/uploads\/2023\/08\/IMG_20230824_154720_112-1152x1536.jpg 1152w, https:\/\/belpesgroupe.com\/wp-content\/uploads\/2023\/08\/IMG_20230824_154720_112-1536x2048.jpg 1536w, https:\/\/belpesgroupe.com\/wp-content\/uploads\/2023\/08\/IMG_20230824_154720_112-600x800.jpg 600w, https:\/\/belpesgroupe.com\/wp-content\/uploads\/2023\/08\/IMG_20230824_154720_112-scaled.jpg 1920w\" sizes=\"(max-width: 225px) 100vw, 225px\" \/>\t\t\t\t\t\t\t\t\t\t\t\t\t<\/div>\n\t\t\t\t<\/div>\n\t\t\t\t<\/div>\n\t\t\t\t\t<\/div>\n\t\t\t\t<\/div>\n\t\t<div class=\"elementor-element elementor-element-6d12a8c e-flex e-con-boxed e-con e-parent\" data-id=\"6d12a8c\" data-element_type=\"container\">\n\t\t\t\t\t<div class=\"e-con-inner\">\n\t\t\t\t<div class=\"elementor-element elementor-element-ab707f9 elementor-widget elementor-widget-text-editor\" data-id=\"ab707f9\" data-element_type=\"widget\" data-widget_type=\"text-editor.default\">\n\t\t\t\t<div class=\"elementor-widget-container\">\n\t\t\t\t\t\t\t<p>Lorem ipsum dolor sit amet, consectetur adipiscing elit. Ut elit tellus, luctus nec ullamcorper mattis, pulvinar dapibus leo.<\/p>\t\t\t\t\t\t<\/div>\n\t\t\t\t<\/div>\n\t\t\t\t\t<\/div>\n\t\t\t\t<\/div>\n\t\t\t\t<\/div>\n\t\t","protected":false},"excerpt":{"rendered":"<p>Notre vision La vision de Qualagric asbl est de r\u00e9duire le retard de d\u00e9veloppement des milieux ruraux aux alentours des grands centres urbains par l&#8217;am\u00e9lioration de la productivit\u00e9 agricole et l&#8217;augmentation de la valeur ajout\u00e9e des produits agricoles commercialis\u00e9s par les paysans. Perspectives strat\u00e9gique Mettre en \u0153uvre ou int\u00e9grer des projets \u00e0 l\u2019\u00e9chelle nationale qui&#8230;<\/p>\n","protected":false},"author":2,"featured_media":0,"parent":0,"menu_order":0,"comment_status":"closed","ping_status":"closed","template":"","meta":{"_monsterinsights_skip_tracking":false,"_monsterinsights_sitenote_active":false,"_monsterinsights_sitenote_note":"","_monsterinsights_sitenote_category":0,"_tbt_post_transparent":"","_tbt_post_title":"hide","_tbt_post_layout":"fullwidth","_tbt_post_sidebar_id":"","_tbt_post_content_style":"unboxed","_tbt_post_vertical_padding":"hide","_tbt_post_feature":"hide","_tbt_post_feature_position":"","_tbt_post_header":false,"_tbt_post_footer":false,"footnotes":""},"aioseo_notices":[],"_links":{"self":[{"href":"https:\/\/belpesgroupe.com\/index.php\/wp-json\/wp\/v2\/pages\/13296"}],"collection":[{"href":"https:\/\/belpesgroupe.com\/index.php\/wp-json\/wp\/v2\/pages"}],"about":[{"href":"https:\/\/belpesgroupe.com\/index.php\/wp-json\/wp\/v2\/types\/page"}],"author":[{"embeddable":true,"href":"https:\/\/belpesgroupe.com\/index.php\/wp-json\/wp\/v2\/users\/2"}],"replies":[{"embeddable":true,"href":"https:\/\/belpesgroupe.com\/index.php\/wp-json\/wp\/v2\/comments?post=13296"}],"version-history":[{"count":68,"href":"https:\/\/belpesgroupe.com\/index.php\/wp-json\/wp\/v2\/pages\/13296\/revisions"}],"predecessor-version":[{"id":13624,"href":"https:\/\/belpesgroupe.com\/index.php\/wp-json\/wp\/v2\/pages\/13296\/revisions\/13624"}],"wp:attachment":[{"href":"https:\/\/belpesgroupe.com\/index.php\/wp-json\/wp\/v2\/media?parent=13296"}],"curies":[{"name":"wp","href":"https:\/\/api.w.org\/{rel}","templated":true}]}}